{"id":233,"date":"2020-01-14T08:55:59","date_gmt":"2020-01-14T08:55:59","guid":{"rendered":"http:\/\/funktionales-kostensplitting.de\/?page_id=233"},"modified":"2021-10-27T07:22:11","modified_gmt":"2021-10-27T07:22:11","slug":"impressum","status":"publish","type":"page","link":"https:\/\/funktionales-kostensplitting.de\/?page_id=233","title":{"rendered":"Impressum"},"content":{"rendered":"\n<p><strong>Kontakt<\/strong><\/p>\n\n\n\n<p>info@funktionales-kostensplitting.de<\/p>\n\n\n\n<p><strong>Verantwortlich f\u00fcr den Inhalt dieser Seiten<\/strong><\/p>\n\n\n\n<p>Dr.-Ing. Kirsten David<\/p>\n\n\n\n<p>c\/o Prof. Dr. Markus Artz<br>Forschungsstelle f\u00fcr Immobilienrecht<br>Universit\u00e4t Bielefeld<br>Fakult\u00e4t f\u00fcr Rechtswissenschaft<br>Universit\u00e4tsstra\u00dfe 25<br>33615 Bielefeld<\/p>\n\n\n\n<p><\/p>\n\n\n\n<p><strong>Haftungshinweis:<\/strong><br>Trotz sorgf\u00e4ltiger inhaltlicher Kontrolle \u00fcbernehme ich keine Haftung f\u00fcr die Inhalte externer Links. F\u00fcr den Inhalt der verlinkten Seiten sind ausschlie\u00dflich deren Betreiber verantwortlich.<\/p>\n\n\n\n<p><strong>Haftungsausschluss:<\/strong><\/p>\n\n\n\n<p>Haftung f\u00fcr Inhalte<br>Die Inhalte meiner Seiten wurden mit gr\u00f6\u00dfter Sorgfalt erstellt. F\u00fcr die Richtigkeit, Vollst\u00e4ndigkeit und Aktualit\u00e4t der Inhalte kann ich jedoch keine Gew\u00e4hr \u00fcbernehmen. <\/p>\n\n\n\n<p>Haftung f\u00fcr Links<br>Mein Angebot enth\u00e4lt Links zu externen Webseiten Dritter, auf deren Inhalte ich keinen Einfluss habe und f\u00fcr die ich keine Gew\u00e4hr f\u00fcr die Richtigkeit \u00fcbernehme und jede Haftung ausschlie\u00dfe. F\u00fcr die Inhalte der verlinkten Seiten ist stets der jeweilige Anbieter oder Betreiber der Seiten verantwortlich. <\/p>\n\n\n\n<p>Urheberrecht<br>Der Inhalt dieser Seiten dient ausschlie\u00dflich Ihrer pers\u00f6nlichen Information. Die durch die Seitenbetreiberin erstellten bzw. verwendeten Inhalte auf diesen Seiten sind urheberrechtlich gesch\u00fctzt. Downloads und Kopien dieser Seite sind nur f\u00fcr den privaten, nicht kommerziellen Gebrauch gestattet. Die Vervielf\u00e4ltigung, Bearbeitung, Verbreitung und jede Art der Verwertung au\u00dferhalb der Grenzen des Urheberrechtes bed\u00fcrfen meiner schriftlichen Zustimmung.  Soweit die Inhalte auf dieser Seite nicht von der Betreiberin erstellt wurden, werden die Urheberrechte Dritter beachtet. Insbesondere werden Inhalte Dritter als solche gekennzeichnet. <\/p>\n","protected":false},"excerpt":{"rendered":"<p>Kontakt info@funktionales-kostensplitting.de Verantwortlich f\u00fcr den Inhalt dieser Seiten Dr.-Ing. Kirsten David c\/o [&hellip;]<\/p>\n","protected":false},"author":1,"featured_media":0,"parent":0,"menu_order":0,"comment_status":"closed","ping_status":"closed","template":"","meta":[],"_links":{"self":[{"href":"https:\/\/funktionales-kostensplitting.de\/index.php?rest_route=\/wp\/v2\/pages\/233"}],"collection":[{"href":"https:\/\/funktionales-kostensplitting.de\/index.php?rest_route=\/wp\/v2\/pages"}],"about":[{"href":"https:\/\/funktionales-kostensplitting.de\/index.php?rest_route=\/wp\/v2\/types\/page"}],"author":[{"embeddable":true,"href":"https:\/\/funktionales-kostensplitting.de\/index.php?rest_route=\/wp\/v2\/users\/1"}],"replies":[{"embeddable":true,"href":"https:\/\/funktionales-kostensplitting.de\/index.php?rest_route=%2Fwp%2Fv2%2Fcomments&post=233"}],"version-history":[{"count":5,"href":"https:\/\/funktionales-kostensplitting.de\/index.php?rest_route=\/wp\/v2\/pages\/233\/revisions"}],"predecessor-version":[{"id":305,"href":"https:\/\/funktionales-kostensplitting.de\/index.php?rest_route=\/wp\/v2\/pages\/233\/revisions\/305"}],"wp:attachment":[{"href":"https:\/\/funktionales-kostensplitting.de\/index.php?rest_route=%2Fwp%2Fv2%2Fmedia&parent=233"}],"curies":[{"name":"wp","href":"https:\/\/api.w.org\/{rel}","templated":true}]}}