{"id":13,"date":"2019-10-29T13:37:43","date_gmt":"2019-10-29T13:37:43","guid":{"rendered":"http:\/\/funktionales-kostensplitting.de\/?page_id=13"},"modified":"2022-05-05T13:13:51","modified_gmt":"2022-05-05T13:13:51","slug":"start","status":"publish","type":"page","link":"https:\/\/funktionales-kostensplitting.de\/","title":{"rendered":"Start"},"content":{"rendered":"\n<h2 class=\"has-text-color\" style=\"color:#ef7f00\"><strong>Energiebedingte Mehrkosten und Sowieso-Kosten<\/strong><\/h2>\n\n\n\n<p>Mit dem <strong><em>Funktionalen Kostensplitting<\/em><\/strong> ermitteln Sie Mieterh\u00f6hungen nach energetischen Ma\u00dfnahmen sachgerecht und nachvollziehbar in drei Arbeitsschritten.<\/p>\n\n\n\n<p>Auf den folgenden Seiten werden Sie umfassend \u00fcber das <strong><em>Funktionale Kostensplitting<\/em><\/strong>, \u00fcber seinen Zweck <a rel=\"noreferrer noopener\" href=\"http:\/\/funktionales-kostensplitting.de\/?page_id=16\" target=\"_blank\">(Wof\u00fcr?)<\/a>, seine Anwendung, <a rel=\"noreferrer noopener\" href=\"http:\/\/funktionales-kostensplitting.de\/?page_id=108\" target=\"_blank\">(Wie?)<\/a> und seine Grundlagen <a rel=\"noreferrer noopener\" href=\"http:\/\/funktionales-kostensplitting.de\/?page_id=103\" target=\"_blank\">(Woher?)<\/a> informiert.<\/p>\n\n\n\n<p>Ich w\u00fcnsche Ihnen viel Spa\u00df beim Lesen!<\/p>\n\n\n\n<p>Sollten Sie R\u00fcckfragen oder Interesse an einem kostenlosen, wissenschaftlich begleiteten Testlauf haben, wenden Sie sich gern per E-Mail an mich: <\/p>\n\n\n\n<p><strong>info@funktionales-kostensplitting.de<\/strong><\/p>\n\n\n\n<hr class=\"wp-block-separator\"\/>\n\n\n\n<h2 class=\"has-text-color\" style=\"color:#ef7f00\"><strong>Forschungspreis f\u00fcr Nachhaltigkeit<\/strong><\/h2>\n\n\n\n<p><strong>2020 <\/strong>hat der <strong>BUND<\/strong> meine Dissertation &#8222;Funktionales Kostensplitting zur Ermittlung von Mieterh\u00f6hungen nach energetischen Ma\u00dfnahmen \u2013 Eine Handlungsempfehlung auf Basis theoretischer und empirischer Untersuchungen.&#8220; mit dem <strong>Forschungspreis f\u00fcr nachhaltige Entwicklung<\/strong> ausgezeichnet: <a href=\"https:\/\/www.bund.net\/ueber-uns\/forschungspreis\/\">BUND-Forschungspreis \u2013 BUND e.V.<\/a><\/p>\n\n\n\n<p>Der BUND-Gutachter Prof. Dr. Frank Ebinger schreibt: &#8222;<em>Bei gegenw\u00e4rtiger Anwendung des Rechts auf Mieterh\u00f6hung nach Modernisierung, welche ausschlie\u00dflich die Kosten einer Ma\u00dfnahme betrachtet, m\u00fcnden (&#8230;) \u00f6kologische Ma\u00dfnahmen zur Steigerung der Energieeffizienz in h\u00f6heren Mietpreissteigerungen und f\u00fchren so zu einem Ungleichgewicht im Zieldreieck der Nachhaltigkeit. Das Funktionale Kostensplitting koppelt jedoch nicht nur die Baukosten, sondern auch den bautechnischen Sanierungserfolg an den Mieterh\u00f6hungsbetrag. Grundsatz ist, dass nur Kosten f\u00fcr tats\u00e4chliche Verbesserungen der Funktionalit\u00e4t des betreffenden Bauteils zu einer Mieterh\u00f6hung berechtigen.&#8220;<\/em> (Pressemitteilung: <a href=\"https:\/\/www.bund.net\/themen\/aktuelles\/detail-aktuelles\/news\/bund-verleiht-forschungspreis-zur-nachhaltigkeit\/?wc=21739\">BUND verleiht Forschungspreis zur Nachhaltigkeit \u2013 BUND e.V.<\/a>)<\/p>\n\n\n\n<hr class=\"wp-block-separator\"\/>\n\n\n\n<h2 class=\"has-text-color\" style=\"color:#ef7f00\"><strong>Weitere Publikationen<\/strong><\/h2>\n\n\n\n<p>\u2022  David, Kirsten (2021): <strong>Funktionales Kostensplitting<\/strong> bei energetischen Modernisierungen <strong>als Beitrag zur nachhaltigen Entwicklung <\/strong>von Mietwohnbest\u00e4nden. In: Bauphysik 43 (3), S. 186\u2013194. DOI: 10.1002\/bapi.202100013. <\/p>\n\n\n\n<p>\u2022  David, Kirsten (2021): BGH, VIII ZR 81\/19 \u2013 und nun? Wie k\u00f6nnen <strong>fiktive Erhaltungskosten<\/strong> dargelegt und die <strong>Spiegelbildlichkeit des Mieterh\u00f6hungsbetrags mit der Erh\u00f6hung des Gebrauchswerts<\/strong> erreicht werden? In: WuM, S. 465\u2013475.<\/p>\n\n\n\n<hr class=\"wp-block-separator\"\/>\n\n\n\n<h2 class=\"has-text-color\" style=\"color:#ef7f00\"><strong>Weitere Infos:<\/strong><\/h2>\n\n\n\n<div class=\"wp-block-columns\">\n<div class=\"wp-block-column\" style=\"flex-basis:100%\"><div id=\"pl-gb13-69fb1d1eab50d\"  class=\"panel-layout\" ><div id=\"pg-gb13-69fb1d1eab50d-0\"  class=\"panel-grid panel-has-style\" ><div style=\"color: #eaeaea;padding: 50px 0; \" data-hascolor=\"hascolor\" data-overlay=\"true\" data-overlay-color=\"#000000\" class=\"panel-row-style panel-row-style-for-gb13-69fb1d1eab50d-0\" ><div id=\"pgc-gb13-69fb1d1eab50d-0-0\"  class=\"panel-grid-cell\" ><div id=\"panel-gb13-69fb1d1eab50d-0-0-0\" class=\"so-panel widget widget_sow-button panel-first-child panel-last-child\" data-index=\"0\" ><div style=\"text-align: left;\" data-title-color=\"#443f3f\" data-headings-color=\"#443f3f\" class=\"panel-widget-style panel-widget-style-for-gb13-69fb1d1eab50d-0-0-0\" ><div class=\"so-widget-sow-button so-widget-sow-button-wire-dd910f046d60-13\"><div class=\"ow-button-base ow-button-align-left\">\n\t<a href=\"https:\/\/funktionales-kostensplitting.de\/?page_id=16\" class=\"ow-icon-placement-left ow-button-hover\" \t\t>\n\t\t<span>\n\t\t\t\n\t\t\tWof\u00fcr?\t\t<\/span>\n\t<\/a>\n<\/div>\n<\/div><\/div><\/div><\/div><div id=\"pgc-gb13-69fb1d1eab50d-0-1\"  class=\"panel-grid-cell\" ><div id=\"panel-gb13-69fb1d1eab50d-0-1-0\" class=\"so-panel widget widget_sow-button panel-first-child panel-last-child\" data-index=\"1\" ><div style=\"text-align: left;\" data-title-color=\"#443f3f\" data-headings-color=\"#443f3f\" class=\"panel-widget-style panel-widget-style-for-gb13-69fb1d1eab50d-0-1-0\" ><div class=\"so-widget-sow-button so-widget-sow-button-wire-dd910f046d60-13\"><div class=\"ow-button-base ow-button-align-left\">\n\t<a href=\"https:\/\/funktionales-kostensplitting.de\/?page_id=108\" class=\"ow-icon-placement-left ow-button-hover\" \t\t>\n\t\t<span>\n\t\t\t\n\t\t\tWie?\t\t<\/span>\n\t<\/a>\n<\/div>\n<\/div><\/div><\/div><\/div><div id=\"pgc-gb13-69fb1d1eab50d-0-2\"  class=\"panel-grid-cell\" ><div id=\"panel-gb13-69fb1d1eab50d-0-2-0\" class=\"so-panel widget widget_sow-button panel-first-child panel-last-child\" data-index=\"2\" ><div style=\"text-align: left;\" data-title-color=\"#443f3f\" data-headings-color=\"#443f3f\" class=\"panel-widget-style panel-widget-style-for-gb13-69fb1d1eab50d-0-2-0\" ><div class=\"so-widget-sow-button so-widget-sow-button-wire-dd910f046d60-13\"><div class=\"ow-button-base ow-button-align-left\">\n\t<a href=\"https:\/\/funktionales-kostensplitting.de\/?page_id=103\" class=\"ow-icon-placement-left ow-button-hover\" \t\t>\n\t\t<span>\n\t\t\t\n\t\t\tWoher?\t\t<\/span>\n\t<\/a>\n<\/div>\n<\/div><\/div><\/div><\/div><\/div><\/div><\/div><\/div>\n<\/div>\n\n\n\n<p><\/p>\n","protected":false},"excerpt":{"rendered":"<p>Energiebedingte Mehrkosten und Sowieso-Kosten Mit dem Funktionalen Kostensplitting ermitteln Sie Mieterh\u00f6hungen nach [&hellip;]<\/p>\n","protected":false},"author":1,"featured_media":0,"parent":0,"menu_order":0,"comment_status":"closed","ping_status":"closed","template":"page-templates\/page_fullwidth.php","meta":[],"_links":{"self":[{"href":"https:\/\/funktionales-kostensplitting.de\/index.php?rest_route=\/wp\/v2\/pages\/13"}],"collection":[{"href":"https:\/\/funktionales-kostensplitting.de\/index.php?rest_route=\/wp\/v2\/pages"}],"about":[{"href":"https:\/\/funktionales-kostensplitting.de\/index.php?rest_route=\/wp\/v2\/types\/page"}],"author":[{"embeddable":true,"href":"https:\/\/funktionales-kostensplitting.de\/index.php?rest_route=\/wp\/v2\/users\/1"}],"replies":[{"embeddable":true,"href":"https:\/\/funktionales-kostensplitting.de\/index.php?rest_route=%2Fwp%2Fv2%2Fcomments&post=13"}],"version-history":[{"count":34,"href":"https:\/\/funktionales-kostensplitting.de\/index.php?rest_route=\/wp\/v2\/pages\/13\/revisions"}],"predecessor-version":[{"id":330,"href":"https:\/\/funktionales-kostensplitting.de\/index.php?rest_route=\/wp\/v2\/pages\/13\/revisions\/330"}],"wp:attachment":[{"href":"https:\/\/funktionales-kostensplitting.de\/index.php?rest_route=%2Fwp%2Fv2%2Fmedia&parent=13"}],"curies":[{"name":"wp","href":"https:\/\/api.w.org\/{rel}","templated":true}]}}