{"id":103,"date":"2019-11-13T19:24:00","date_gmt":"2019-11-13T19:24:00","guid":{"rendered":"http:\/\/funktionales-kostensplitting.de\/?page_id=103"},"modified":"2020-01-14T09:45:02","modified_gmt":"2020-01-14T09:45:02","slug":"woher","status":"publish","type":"page","link":"https:\/\/funktionales-kostensplitting.de\/?page_id=103","title":{"rendered":"Woher"},"content":{"rendered":"<p>Das funktionale Kostensplitting ist eine Handlungsempfehlung auf Basis der theoretischen und empirischen Untersuchungen reeller Mieterh\u00f6hungsf\u00e4lle im Rahmen meines Dissertationsprojektes. N\u00e4heres zum Vorgehen und den Erkenntnissen der Arbeit in der abschlie\u00dfenden Publikation unter:<\/p>\n<p><a href=\"http:\/\/nbn-resolving.de\/urn:nbn:de:gbv:1373-opus-5085\">http:\/\/nbn-resolving.de\/urn:nbn:de:gbv:1373-opus-5085<\/a><\/p>\n\n\n<p>Kontaktdaten zur Verfasserin finden Sie am Seitenende sowie unter<\/p>\n\n\n\n<p><a href=\"http:\/\/funktionales-kostensplitting.de\/?page_id=233\">Impressum<\/a><\/p>\n\n\n<div id=\"pl-gb103-69f286b16d8fa\"  class=\"panel-layout\" ><div id=\"pg-gb103-69f286b16d8fa-0\"  class=\"panel-grid panel-has-style\" ><div style=\"padding: 75px 0; \" data-overlay=\"true\" data-overlay-color=\"#000000\" class=\"panel-row-style panel-row-style-for-gb103-69f286b16d8fa-0\" ><div id=\"pgc-gb103-69f286b16d8fa-0-0\"  class=\"panel-grid-cell\" ><div id=\"panel-gb103-69f286b16d8fa-0-0-0\" class=\"so-panel widget widget_sow-button panel-first-child panel-last-child\" data-index=\"0\" ><div style=\"text-align: left;\" data-title-color=\"#443f3f\" data-headings-color=\"#443f3f\" class=\"panel-widget-style panel-widget-style-for-gb103-69f286b16d8fa-0-0-0\" ><div class=\"so-widget-sow-button so-widget-sow-button-wire-7f814b408441-103\"><div class=\"ow-button-base ow-button-align-center\">\n\t<a href=\"https:\/\/funktionales-kostensplitting.de\/\" class=\"ow-icon-placement-left ow-button-hover\" \t\t>\n\t\t<span>\n\t\t\t\n\t\t\tStart\t\t<\/span>\n\t<\/a>\n<\/div>\n<\/div><\/div><\/div><\/div><div id=\"pgc-gb103-69f286b16d8fa-0-1\"  class=\"panel-grid-cell\" ><div id=\"panel-gb103-69f286b16d8fa-0-1-0\" class=\"so-panel widget widget_sow-button panel-first-child panel-last-child\" data-index=\"1\" ><div style=\"text-align: left;\" data-title-color=\"#443f3f\" data-headings-color=\"#443f3f\" class=\"panel-widget-style panel-widget-style-for-gb103-69f286b16d8fa-0-1-0\" ><div class=\"so-widget-sow-button so-widget-sow-button-wire-7f814b408441-103\"><div class=\"ow-button-base ow-button-align-center\">\n\t<a href=\"https:\/\/funktionales-kostensplitting.de\/?page_id=16\" class=\"ow-icon-placement-left ow-button-hover\" \t\t>\n\t\t<span>\n\t\t\t\n\t\t\tWof\u00fcr\t\t<\/span>\n\t<\/a>\n<\/div>\n<\/div><\/div><\/div><\/div><div id=\"pgc-gb103-69f286b16d8fa-0-2\"  class=\"panel-grid-cell\" ><div id=\"panel-gb103-69f286b16d8fa-0-2-0\" class=\"so-panel widget widget_sow-button panel-first-child panel-last-child\" data-index=\"2\" ><div style=\"text-align: left;\" data-title-color=\"#443f3f\" data-headings-color=\"#443f3f\" class=\"panel-widget-style panel-widget-style-for-gb103-69f286b16d8fa-0-2-0\" ><div class=\"so-widget-sow-button so-widget-sow-button-wire-7f814b408441-103\"><div class=\"ow-button-base ow-button-align-center\">\n\t<a href=\"https:\/\/funktionales-kostensplitting.de\/?page_id=108\" class=\"ow-icon-placement-left ow-button-hover\" \t\t>\n\t\t<span>\n\t\t\t\n\t\t\tWie\t\t<\/span>\n\t<\/a>\n<\/div>\n<\/div><\/div><\/div><\/div><\/div><\/div><\/div>","protected":false},"excerpt":{"rendered":"<p>Das funktionale Kostensplitting ist eine Handlungsempfehlung auf Basis der theoretischen und empirischen [&hellip;]<\/p>\n","protected":false},"author":1,"featured_media":0,"parent":0,"menu_order":0,"comment_status":"closed","ping_status":"closed","template":"","meta":[],"_links":{"self":[{"href":"https:\/\/funktionales-kostensplitting.de\/index.php?rest_route=\/wp\/v2\/pages\/103"}],"collection":[{"href":"https:\/\/funktionales-kostensplitting.de\/index.php?rest_route=\/wp\/v2\/pages"}],"about":[{"href":"https:\/\/funktionales-kostensplitting.de\/index.php?rest_route=\/wp\/v2\/types\/page"}],"author":[{"embeddable":true,"href":"https:\/\/funktionales-kostensplitting.de\/index.php?rest_route=\/wp\/v2\/users\/1"}],"replies":[{"embeddable":true,"href":"https:\/\/funktionales-kostensplitting.de\/index.php?rest_route=%2Fwp%2Fv2%2Fcomments&post=103"}],"version-history":[{"count":6,"href":"https:\/\/funktionales-kostensplitting.de\/index.php?rest_route=\/wp\/v2\/pages\/103\/revisions"}],"predecessor-version":[{"id":242,"href":"https:\/\/funktionales-kostensplitting.de\/index.php?rest_route=\/wp\/v2\/pages\/103\/revisions\/242"}],"wp:attachment":[{"href":"https:\/\/funktionales-kostensplitting.de\/index.php?rest_route=%2Fwp%2Fv2%2Fmedia&parent=103"}],"curies":[{"name":"wp","href":"https:\/\/api.w.org\/{rel}","templated":true}]}}